{"id":34945,"date":"2023-08-24T12:05:48","date_gmt":"2023-08-24T12:05:48","guid":{"rendered":"https:\/\/staging-359b-zinklarwebsite.wpcomstaging.com\/salud-de-marca\/"},"modified":"2024-05-07T12:25:17","modified_gmt":"2024-05-07T12:25:17","slug":"salud-de-marca","status":"publish","type":"page","link":"https:\/\/staging-359b-zinklarwebsite.wpcomstaging.com\/es\/salud-de-marca\/","title":{"rendered":"Salud de marca"},"content":{"rendered":"<div class=\"wpb-content-wrapper\"><p>[vc_row full_width=\u00bbstretch_row_content_no_spaces\u00bb el_class=\u00bbno-see\u00bb][vc_column][vc_raw_html]PGxpbmsgcmVsPSJzdHlsZXNoZWV0IiBocmVmPSJodHRwczovL3ppbmtsYXIuY29tL3dwLWNvbnRlbnQvdGhlbWVzL2dlbmVyYXRlcHJlc3NfY2hpbGQvYXNzZXRzL3N0eWxlcy9jc3MvcGFnZV90ZW1wbGF0ZV91c2VfY2FzZXMuY3NzIj4=[\/vc_raw_html][\/vc_column][\/vc_row][vc_row full_width=\u00bbstretch_row_content_no_spaces\u00bb el_class=\u00bbbanner\u00bb css=\u00bb.vc_custom_1712921468336{background-color: #e3e3e3 !important;background-position: center !important;background-repeat: no-repeat !important;background-size: cover !important;}\u00bb][vc_column][vc_row_inner][vc_column_inner width=\u00bb1\/2&#8243;][vc_column_text el_class=\u00bbtitle-banner\u00bb]<span style=\"color: #0000ff;\">Salud de Marca<\/span><\/p>\n<h1><span style=\"color: #000000;\"><strong>Monitoriza y Analiza el <span style=\"color: #0000ff;\">Rendimiento de tu Marca<\/span><\/strong><\/span><\/h1>\n<p>[\/vc_column_text][vc_empty_space height=\u00bb10px\u00bb][vc_column_text el_class=\u00bbtxt1&#8243;]<span style=\"font-weight: 400;\">Monitorizar la salud de marca es esencial para mantener un posicionamiento s\u00f3lido, sostener la lealtad de los clientes, tomar decisiones estrat\u00e9gicas informadas y adaptarse a los cambios del mercado. <\/span>[\/vc_column_text][\/vc_column_inner][vc_column_inner width=\u00bb1\/2&#8243;][vc_column_text el_class=\u00bbimg-banner\u00bb]<img data-recalc-dims=\"1\" loading=\"lazy\" decoding=\"async\" data-attachment-id=\"38973\" data-permalink=\"https:\/\/staging-359b-zinklarwebsite.wpcomstaging.com\/es\/comprension-del-mercado\/attachment\/png_image11_2000x1200\/#main\" data-orig-file=\"https:\/\/i0.wp.com\/staging-359b-zinklarwebsite.wpcomstaging.com\/wp-content\/uploads\/2024\/04\/PNG_image11_2000x1200-1.png?fit=2000%2C1200&amp;ssl=1\" data-orig-size=\"2000,1200\" data-comments-opened=\"0\" data-image-meta=\"{&quot;aperture&quot;:&quot;0&quot;,&quot;credit&quot;:&quot;&quot;,&quot;camera&quot;:&quot;&quot;,&quot;caption&quot;:&quot;&quot;,&quot;created_timestamp&quot;:&quot;0&quot;,&quot;copyright&quot;:&quot;&quot;,&quot;focal_length&quot;:&quot;0&quot;,&quot;iso&quot;:&quot;0&quot;,&quot;shutter_speed&quot;:&quot;0&quot;,&quot;title&quot;:&quot;&quot;,&quot;orientation&quot;:&quot;0&quot;}\" data-image-title=\"PNG_image11_2000x1200\" data-image-description=\"\" data-image-caption=\"\" data-medium-file=\"https:\/\/i0.wp.com\/staging-359b-zinklarwebsite.wpcomstaging.com\/wp-content\/uploads\/2024\/04\/PNG_image11_2000x1200-1.png?fit=300%2C180&amp;ssl=1\" data-large-file=\"https:\/\/i0.wp.com\/staging-359b-zinklarwebsite.wpcomstaging.com\/wp-content\/uploads\/2024\/04\/PNG_image11_2000x1200-1.png?fit=1024%2C614&amp;ssl=1\" class=\"aligncenter wp-image-38973 size-full\" src=\"https:\/\/i0.wp.com\/staging-359b-zinklarwebsite.wpcomstaging.com\/wp-content\/uploads\/2024\/04\/PNG_image11_2000x1200-1.png?resize=1200%2C720&#038;ssl=1\" alt=\"\" width=\"1200\" height=\"720\" srcset=\"https:\/\/i0.wp.com\/staging-359b-zinklarwebsite.wpcomstaging.com\/wp-content\/uploads\/2024\/04\/PNG_image11_2000x1200-1.png?w=2000&amp;ssl=1 2000w, https:\/\/i0.wp.com\/staging-359b-zinklarwebsite.wpcomstaging.com\/wp-content\/uploads\/2024\/04\/PNG_image11_2000x1200-1.png?resize=300%2C180&amp;ssl=1 300w, https:\/\/i0.wp.com\/staging-359b-zinklarwebsite.wpcomstaging.com\/wp-content\/uploads\/2024\/04\/PNG_image11_2000x1200-1.png?resize=1024%2C614&amp;ssl=1 1024w, https:\/\/i0.wp.com\/staging-359b-zinklarwebsite.wpcomstaging.com\/wp-content\/uploads\/2024\/04\/PNG_image11_2000x1200-1.png?resize=768%2C461&amp;ssl=1 768w, https:\/\/i0.wp.com\/staging-359b-zinklarwebsite.wpcomstaging.com\/wp-content\/uploads\/2024\/04\/PNG_image11_2000x1200-1.png?resize=1536%2C922&amp;ssl=1 1536w, https:\/\/i0.wp.com\/staging-359b-zinklarwebsite.wpcomstaging.com\/wp-content\/uploads\/2024\/04\/PNG_image11_2000x1200-1.png?resize=1200%2C720&amp;ssl=1 1200w\" sizes=\"auto, (max-width: 1200px) 100vw, 1200px\" \/>[\/vc_column_text][\/vc_column_inner][\/vc_row_inner][\/vc_column][\/vc_row][vc_row full_width=\u00bbstretch_row_content_no_spaces\u00bb el_class=\u00bbbg-general bg1 block1&#8243; css=\u00bb.vc_custom_1712921524213{background-color: #ff6369 !important;}\u00bb][vc_column width=\u00bb1\/2&#8243; css=\u00bb.vc_custom_1712921495420{background-position: 0 0 !important;background-repeat: no-repeat !important;}\u00bb][vc_single_image image=\u00bb39001&#8243; img_size=\u00bbfull\u00bb][\/vc_column][vc_column width=\u00bb1\/2&#8243;][vc_column_text el_class=\u00bbtitle1&#8243;]<\/p>\n<h2><span style=\"color: #ffffff;\"><b>Adel\u00e1ntate a los <span style=\"color: #000000;\">cambios y desaf\u00edos<\/span><\/b><\/span><b><\/b><\/h2>\n<p>[\/vc_column_text][vc_column_text el_class=\u00bblist-template\u00bb]<\/p>\n<ul>\n<li style=\"font-weight: 400;\" aria-level=\"1\"><span style=\"font-weight: 400; color: #ffffff;\">Rastrea todas las m\u00e9tricas que tienen un impacto en ti: conocimiento y reconocimiento de marca, compra de marca y atributos de marca.<\/span><\/li>\n<li style=\"font-weight: 400;\" aria-level=\"1\"><span style=\"font-weight: 400; color: #ffffff;\">Obt\u00e9n valiosos insights sobre c\u00f3mo tu marca es percibida por tu p\u00fablico objetivo, c\u00f3mo est\u00e1 funcionando en el mercado y si est\u00e1 cumpliendo eficazmente tus objetivos estrat\u00e9gicos.<\/span><\/li>\n<li style=\"font-weight: 400;\" aria-level=\"1\"><span style=\"font-weight: 400; color: #ffffff;\">Identifica oportunidades de crecimiento destacando \u00e1reas en las que la marca pueda expandirse, dirigirse a nuevos segmentos o lanzar nuevos productos o servicios.<\/span><\/li>\n<\/ul>\n<p>[\/vc_column_text][\/vc_column][\/vc_row][vc_row full_width=\u00bbstretch_row_content_no_spaces\u00bb el_class=\u00bbbg-general bg2 block2&#8243;][vc_column width=\u00bb1\/2&#8243;][vc_column_text el_class=\u00bbtitle2&#8243;]<\/p>\n<h2><strong>Comprende c\u00f3mo y por qu\u00e9 cambia la <span style=\"color: #0000ff;\">percepci\u00f3n del consumidor<\/span><\/strong><\/h2>\n<p>[\/vc_column_text][vc_column_text el_class=\u00bblist-template\u00bb]<\/p>\n<ul>\n<li>Eval\u00faa el impacto de las campa\u00f1as publicitarias, actividades promocionales e iniciativas de marketing en la percepci\u00f3n y el comportamiento de los consumidores.<\/li>\n<li>Comprende c\u00f3mo se percibe la marca por diferentes perfiles de personas o seg\u00fan m\u00e9tricas o aspectos espec\u00edficos.<\/li>\n<li>Mide el nivel de compromiso y lealtad de los consumidores e identifica clientes leales, defensores potenciales de la marca y \u00e1reas donde se podr\u00eda mejorar el compromiso.<\/li>\n<\/ul>\n<p>[\/vc_column_text][\/vc_column][vc_column width=\u00bb1\/2&#8243; css=\u00bb.vc_custom_1712921585224{background-position: 0 0 !important;background-repeat: no-repeat !important;}\u00bb][vc_single_image image=\u00bb39041&#8243; img_size=\u00bbfull\u00bb][\/vc_column][\/vc_row][vc_row full_width=\u00bbstretch_row_content_no_spaces\u00bb el_class=\u00bbbg-general bg3 block3&#8243;][vc_column width=\u00bb1\/2&#8243; css=\u00bb.vc_custom_1692961814215{background-position: 0 0 !important;background-repeat: no-repeat !important;}\u00bb][vc_single_image image=\u00bb38959&#8243; img_size=\u00bbfull\u00bb][\/vc_column][vc_column width=\u00bb1\/2&#8243;][vc_column_text el_class=\u00bbtitle3&#8243;]<\/p>\n<h2><strong><span style=\"color: #000000;\"><span class=\"blue\" style=\"color: #0000ff;\"><span style=\"color: #000000;\"><span style=\"color: #0000ff;\"><span style=\"color: #000000;\">Monitoriza tus competidores y <span style=\"color: #0000ff;\">busca oportunidades<\/span><\/span><\/span><\/span><\/span><\/span><\/strong><\/h2>\n<p>[\/vc_column_text][vc_column_text el_class=\u00bblist-template\u00bb]<\/p>\n<div class=\"flex-1 overflow-hidden\">\n<div class=\"react-scroll-to-bottom--css-jxapa-79elbk h-full dark:bg-gray-800\">\n<div class=\"react-scroll-to-bottom--css-jxapa-1n7m0yu\">\n<div class=\"flex flex-col text-sm dark:bg-gray-800\">\n<div class=\"group w-full text-token-text-primary border-b border-black\/10 dark:border-gray-900\/50 bg-gray-50 dark:bg-[#444654]\">\n<div class=\"flex p-4 gap-4 text-base md:gap-6 md:max-w-2xl lg:max-w-[38rem] xl:max-w-3xl md:py-6 lg:px-0 m-auto\">\n<div class=\"relative flex w-[calc(100%-50px)] flex-col gap-1 md:gap-3 lg:w-[calc(100%-115px)]\">\n<div class=\"flex flex-grow flex-col gap-3 max-w-full\">\n<div class=\"min-h-[20px] flex flex-col items-start gap-3 overflow-x-auto whitespace-pre-wrap break-words\">\n<div class=\"markdown prose w-full break-words dark:prose-invert light\">\n<ul>\n<li>Prioriza las \u00e1reas que requieren mejora y asigna el presupuesto y los esfuerzos de manera m\u00e1s efectiva.<\/li>\n<li>Toma decisiones informadas para guiar tus elecciones estrat\u00e9gicas relacionadas con marketing, publicidad, desarrollo de productos y compromiso con los clientes.<\/li>\n<li>Adapta tu mensaje para abordar \u00e1reas espec\u00edficas donde la percepci\u00f3n podr\u00eda estar evolucionando y posiciona tu marca como innovadora y centrada en el cliente.<\/li>\n<\/ul>\n<\/div>\n<\/div>\n<\/div>\n<\/div>\n<\/div>\n<\/div>\n<\/div>\n<\/div>\n<\/div>\n<\/div>\n<p>[\/vc_column_text][\/vc_column][\/vc_row][vc_row full_width=\u00bbstretch_row_content_no_spaces\u00bb el_class=\u00bbbg-form\u00bb css=\u00bb.vc_custom_1712921639676{background-color: #000000 !important;}\u00bb][vc_column width=\u00bb1\/2&#8243;][vc_column_text el_class=\u00bbtitle5&#8243;]<\/p>\n<h2><strong><span style=\"color: #ffffff;\">Descubre qu\u00e9 puede hacer <span class=\"blue\">Zinklar <\/span>por tu marca<\/span><\/strong><\/h2>\n<p>[\/vc_column_text][vc_column_text]<span style=\"color: #ffffff;\">Si quieres comprender mejor el mercado, desarrollar y probar productos\/conceptos innovadores, realizar Pre-test y Post-test publicitarios, monitorizar la experiencia del consumidor o gestionar la salud de tu marca.<\/span>[\/vc_column_text][vc_empty_space height=\u00bb10px\u00bb][vc_column_text]<span style=\"color: #ffffff;\">Nuestra demo responder\u00e1 a tus preguntas para que puedas ver por qu\u00e9 Zinklar es la mejor opci\u00f3n para cubrir tus necesidades espec\u00edficas de insights.<\/span>[\/vc_column_text][\/vc_column][vc_column width=\u00bb1\/2&#8243; el_class=\u00bbcol-form\u00bb][vc_raw_js]JTNDc2NyaXB0JTIwc3JjJTNEJTIyJTJGJTJGZ28uemlua2xhci5jb20lMkZqcyUyRmZvcm1zMiUyRmpzJTJGZm9ybXMyLm1pbi5qcyUyMiUzRSUzQyUyRnNjcmlwdCUzRSUyMCUzQ2Zvcm0lMjBpZCUzRCUyMm1rdG9Gb3JtXzExNzQlMjIlM0UlM0MlMkZmb3JtJTNFJTIwJTNDc2NyaXB0JTNFTWt0b0Zvcm1zMi5sb2FkRm9ybSUyOCUyMiUyRiUyRmdvLnppbmtsYXIuY29tJTIyJTJDJTIwJTIyNTczLU5KUS00MjUlMjIlMkMlMjAxMTc0JTI5JTNCJTNDJTJGc2NyaXB0JTNF[\/vc_raw_js][\/vc_column][\/vc_row]<\/p>\n<\/div>","protected":false},"excerpt":{"rendered":"<p>[vc_row full_width=\u00bbstretch_row_content_no_spaces\u00bb el_class=\u00bbno-see\u00bb][vc_column][vc_raw_html]PGxpbmsgcmVsPSJzdHlsZXNoZWV0IiBocmVmPSJodHRwczovL3ppbmtsYXIuY29tL3dwLWNvbnRlbnQvdGhlbWVzL2dlbmVyYXRlcHJlc3NfY2hpbGQvYXNzZXRzL3N0eWxlcy9jc3MvcGFnZV90ZW1wbGF0ZV91c2VfY2FzZXMuY3NzIj4=[\/vc_raw_html][\/vc_column][\/vc_row][vc_row full_width=\u00bbstretch_row_content_no_spaces\u00bb el_class=\u00bbbanner\u00bb css=\u00bb.vc_custom_1712921468336{background-color: #e3e3e3 !important;background-position: center !important;background-repeat: no-repeat !important;background-size: cover !important;}\u00bb][vc_column][vc_row_inner][vc_column_inner width=\u00bb1\/2&#8243;][vc_column_text el_class=\u00bbtitle-banner\u00bb]Salud de Marca Monitoriza y Analiza el Rendimiento de tu Marca [\/vc_column_text][vc_empty_space height=\u00bb10px\u00bb][vc_column_text el_class=\u00bbtxt1&#8243;]Monitorizar la salud de marca es esencial para mantener un posicionamiento s\u00f3lido, sostener la lealtad de los clientes, tomar decisiones estrat\u00e9gicas informadas y adaptarse a los cambios &#8230; <a title=\"Salud de marca\" class=\"read-more\" href=\"https:\/\/staging-359b-zinklarwebsite.wpcomstaging.com\/es\/salud-de-marca\/\" aria-label=\"More on Salud de marca\">Leer m\u00e1s<\/a><\/p>\n","protected":false},"author":6,"featured_media":0,"parent":0,"menu_order":0,"comment_status":"closed","ping_status":"closed","template":"","meta":{"_acf_changed":false,"_crdt_document":"","inline_featured_image":false,"footnotes":""},"class_list":["post-34945","page","type-page","status-publish"],"acf":[],"yoast_head":"<!-- This site is optimized with the Yoast SEO plugin v27.3 - https:\/\/yoast.com\/product\/yoast-seo-wordpress\/ -->\n<title>Insights de Salud de Marca para Impulsar el Rendimiento | Zinklar<\/title>\n<meta name=\"description\" content=\"Monitoriza la salud de tu marca, eleva tu \u00e9xito. Rastrea la percepci\u00f3n, lealtad y crecimiento para impulsar tus estrat\u00e9gicas. \u00a1Empieza hoy!\" \/>\n<meta name=\"robots\" content=\"index, follow, max-snippet:-1, max-image-preview:large, max-video-preview:-1\" \/>\n<link rel=\"canonical\" href=\"https:\/\/staging-359b-zinklarwebsite.wpcomstaging.com\/es\/salud-de-marca\/\" \/>\n<meta property=\"og:locale\" content=\"es_ES\" \/>\n<meta property=\"og:type\" content=\"article\" \/>\n<meta property=\"og:title\" content=\"Insights de Salud de Marca para Impulsar el Rendimiento | Zinklar\" \/>\n<meta property=\"og:description\" content=\"Monitoriza la salud de tu marca, eleva tu \u00e9xito. Rastrea la percepci\u00f3n, lealtad y crecimiento para impulsar tus estrat\u00e9gicas. \u00a1Empieza hoy!\" \/>\n<meta property=\"og:url\" content=\"https:\/\/staging-359b-zinklarwebsite.wpcomstaging.com\/es\/salud-de-marca\/\" \/>\n<meta property=\"og:site_name\" content=\"Zinklar\" \/>\n<meta property=\"article:modified_time\" content=\"2024-05-07T12:25:17+00:00\" \/>\n<meta property=\"og:image\" content=\"https:\/\/staging-359b-zinklarwebsite.wpcomstaging.com\/wp-content\/uploads\/2024\/04\/PNG_image11_2000x1200-1.png\" \/>\n<meta name=\"twitter:card\" content=\"summary_large_image\" \/>\n<meta name=\"twitter:label1\" content=\"Tiempo de lectura\" \/>\n\t<meta name=\"twitter:data1\" content=\"3 minutos\" \/>\n<script type=\"application\/ld+json\" class=\"yoast-schema-graph\">{\"@context\":\"https:\\\/\\\/schema.org\",\"@graph\":[{\"@type\":\"WebPage\",\"@id\":\"https:\\\/\\\/staging-359b-zinklarwebsite.wpcomstaging.com\\\/es\\\/salud-de-marca\\\/\",\"url\":\"https:\\\/\\\/staging-359b-zinklarwebsite.wpcomstaging.com\\\/es\\\/salud-de-marca\\\/\",\"name\":\"Insights de Salud de Marca para Impulsar el Rendimiento | Zinklar\",\"isPartOf\":{\"@id\":\"\\\/#website\"},\"primaryImageOfPage\":{\"@id\":\"https:\\\/\\\/staging-359b-zinklarwebsite.wpcomstaging.com\\\/es\\\/salud-de-marca\\\/#primaryimage\"},\"image\":{\"@id\":\"https:\\\/\\\/staging-359b-zinklarwebsite.wpcomstaging.com\\\/es\\\/salud-de-marca\\\/#primaryimage\"},\"thumbnailUrl\":\"https:\\\/\\\/staging-359b-zinklarwebsite.wpcomstaging.com\\\/wp-content\\\/uploads\\\/2024\\\/04\\\/PNG_image11_2000x1200-1.png\",\"datePublished\":\"2023-08-24T12:05:48+00:00\",\"dateModified\":\"2024-05-07T12:25:17+00:00\",\"description\":\"Monitoriza la salud de tu marca, eleva tu \u00e9xito. Rastrea la percepci\u00f3n, lealtad y crecimiento para impulsar tus estrat\u00e9gicas. \u00a1Empieza hoy!\",\"breadcrumb\":{\"@id\":\"https:\\\/\\\/staging-359b-zinklarwebsite.wpcomstaging.com\\\/es\\\/salud-de-marca\\\/#breadcrumb\"},\"inLanguage\":\"es\",\"potentialAction\":[{\"@type\":\"ReadAction\",\"target\":[\"https:\\\/\\\/staging-359b-zinklarwebsite.wpcomstaging.com\\\/es\\\/salud-de-marca\\\/\"]}]},{\"@type\":\"ImageObject\",\"inLanguage\":\"es\",\"@id\":\"https:\\\/\\\/staging-359b-zinklarwebsite.wpcomstaging.com\\\/es\\\/salud-de-marca\\\/#primaryimage\",\"url\":\"https:\\\/\\\/staging-359b-zinklarwebsite.wpcomstaging.com\\\/wp-content\\\/uploads\\\/2024\\\/04\\\/PNG_image11_2000x1200-1.png\",\"contentUrl\":\"https:\\\/\\\/staging-359b-zinklarwebsite.wpcomstaging.com\\\/wp-content\\\/uploads\\\/2024\\\/04\\\/PNG_image11_2000x1200-1.png\"},{\"@type\":\"BreadcrumbList\",\"@id\":\"https:\\\/\\\/staging-359b-zinklarwebsite.wpcomstaging.com\\\/es\\\/salud-de-marca\\\/#breadcrumb\",\"itemListElement\":[{\"@type\":\"ListItem\",\"position\":1,\"name\":\"Home\",\"item\":\"https:\\\/\\\/staging-359b-zinklarwebsite.wpcomstaging.com\\\/es\\\/\"},{\"@type\":\"ListItem\",\"position\":2,\"name\":\"Salud de marca\"}]},{\"@type\":\"WebSite\",\"@id\":\"\\\/#website\",\"url\":\"\\\/\",\"name\":\"Zinklar\",\"description\":\"\",\"publisher\":{\"@id\":\"\\\/#organization\"},\"potentialAction\":[{\"@type\":\"SearchAction\",\"target\":{\"@type\":\"EntryPoint\",\"urlTemplate\":\"\\\/?s={search_term_string}\"},\"query-input\":{\"@type\":\"PropertyValueSpecification\",\"valueRequired\":true,\"valueName\":\"search_term_string\"}}],\"inLanguage\":\"es\"},{\"@type\":\"Organization\",\"@id\":\"\\\/#organization\",\"name\":\"Zinklar\",\"url\":\"\\\/\",\"logo\":{\"@type\":\"ImageObject\",\"inLanguage\":\"es\",\"@id\":\"\\\/#\\\/schema\\\/logo\\\/image\\\/\",\"url\":\"https:\\\/\\\/staging-359b-zinklarwebsite.wpcomstaging.com\\\/wp-content\\\/uploads\\\/2023\\\/06\\\/white-logo.svg\",\"contentUrl\":\"https:\\\/\\\/staging-359b-zinklarwebsite.wpcomstaging.com\\\/wp-content\\\/uploads\\\/2023\\\/06\\\/white-logo.svg\",\"width\":115,\"height\":35,\"caption\":\"Zinklar\"},\"image\":{\"@id\":\"\\\/#\\\/schema\\\/logo\\\/image\\\/\"}}]}<\/script>\n<!-- \/ Yoast SEO plugin. -->","yoast_head_json":{"title":"Insights de Salud de Marca para Impulsar el Rendimiento | Zinklar","description":"Monitoriza la salud de tu marca, eleva tu \u00e9xito. Rastrea la percepci\u00f3n, lealtad y crecimiento para impulsar tus estrat\u00e9gicas. \u00a1Empieza hoy!","robots":{"index":"index","follow":"follow","max-snippet":"max-snippet:-1","max-image-preview":"max-image-preview:large","max-video-preview":"max-video-preview:-1"},"canonical":"https:\/\/staging-359b-zinklarwebsite.wpcomstaging.com\/es\/salud-de-marca\/","og_locale":"es_ES","og_type":"article","og_title":"Insights de Salud de Marca para Impulsar el Rendimiento | Zinklar","og_description":"Monitoriza la salud de tu marca, eleva tu \u00e9xito. Rastrea la percepci\u00f3n, lealtad y crecimiento para impulsar tus estrat\u00e9gicas. \u00a1Empieza hoy!","og_url":"https:\/\/staging-359b-zinklarwebsite.wpcomstaging.com\/es\/salud-de-marca\/","og_site_name":"Zinklar","article_modified_time":"2024-05-07T12:25:17+00:00","og_image":[{"url":"https:\/\/staging-359b-zinklarwebsite.wpcomstaging.com\/wp-content\/uploads\/2024\/04\/PNG_image11_2000x1200-1.png","type":"","width":"","height":""}],"twitter_card":"summary_large_image","twitter_misc":{"Tiempo de lectura":"3 minutos"},"schema":{"@context":"https:\/\/schema.org","@graph":[{"@type":"WebPage","@id":"https:\/\/staging-359b-zinklarwebsite.wpcomstaging.com\/es\/salud-de-marca\/","url":"https:\/\/staging-359b-zinklarwebsite.wpcomstaging.com\/es\/salud-de-marca\/","name":"Insights de Salud de Marca para Impulsar el Rendimiento | Zinklar","isPartOf":{"@id":"\/#website"},"primaryImageOfPage":{"@id":"https:\/\/staging-359b-zinklarwebsite.wpcomstaging.com\/es\/salud-de-marca\/#primaryimage"},"image":{"@id":"https:\/\/staging-359b-zinklarwebsite.wpcomstaging.com\/es\/salud-de-marca\/#primaryimage"},"thumbnailUrl":"https:\/\/staging-359b-zinklarwebsite.wpcomstaging.com\/wp-content\/uploads\/2024\/04\/PNG_image11_2000x1200-1.png","datePublished":"2023-08-24T12:05:48+00:00","dateModified":"2024-05-07T12:25:17+00:00","description":"Monitoriza la salud de tu marca, eleva tu \u00e9xito. Rastrea la percepci\u00f3n, lealtad y crecimiento para impulsar tus estrat\u00e9gicas. \u00a1Empieza hoy!","breadcrumb":{"@id":"https:\/\/staging-359b-zinklarwebsite.wpcomstaging.com\/es\/salud-de-marca\/#breadcrumb"},"inLanguage":"es","potentialAction":[{"@type":"ReadAction","target":["https:\/\/staging-359b-zinklarwebsite.wpcomstaging.com\/es\/salud-de-marca\/"]}]},{"@type":"ImageObject","inLanguage":"es","@id":"https:\/\/staging-359b-zinklarwebsite.wpcomstaging.com\/es\/salud-de-marca\/#primaryimage","url":"https:\/\/staging-359b-zinklarwebsite.wpcomstaging.com\/wp-content\/uploads\/2024\/04\/PNG_image11_2000x1200-1.png","contentUrl":"https:\/\/staging-359b-zinklarwebsite.wpcomstaging.com\/wp-content\/uploads\/2024\/04\/PNG_image11_2000x1200-1.png"},{"@type":"BreadcrumbList","@id":"https:\/\/staging-359b-zinklarwebsite.wpcomstaging.com\/es\/salud-de-marca\/#breadcrumb","itemListElement":[{"@type":"ListItem","position":1,"name":"Home","item":"https:\/\/staging-359b-zinklarwebsite.wpcomstaging.com\/es\/"},{"@type":"ListItem","position":2,"name":"Salud de marca"}]},{"@type":"WebSite","@id":"\/#website","url":"\/","name":"Zinklar","description":"","publisher":{"@id":"\/#organization"},"potentialAction":[{"@type":"SearchAction","target":{"@type":"EntryPoint","urlTemplate":"\/?s={search_term_string}"},"query-input":{"@type":"PropertyValueSpecification","valueRequired":true,"valueName":"search_term_string"}}],"inLanguage":"es"},{"@type":"Organization","@id":"\/#organization","name":"Zinklar","url":"\/","logo":{"@type":"ImageObject","inLanguage":"es","@id":"\/#\/schema\/logo\/image\/","url":"https:\/\/staging-359b-zinklarwebsite.wpcomstaging.com\/wp-content\/uploads\/2023\/06\/white-logo.svg","contentUrl":"https:\/\/staging-359b-zinklarwebsite.wpcomstaging.com\/wp-content\/uploads\/2023\/06\/white-logo.svg","width":115,"height":35,"caption":"Zinklar"},"image":{"@id":"\/#\/schema\/logo\/image\/"}}]}},"jetpack_shortlink":"https:\/\/wp.me\/PfEe9g-95D","jetpack_sharing_enabled":true,"_links":{"self":[{"href":"https:\/\/staging-359b-zinklarwebsite.wpcomstaging.com\/es\/wp-json\/wp\/v2\/pages\/34945","targetHints":{"allow":["GET"]}}],"collection":[{"href":"https:\/\/staging-359b-zinklarwebsite.wpcomstaging.com\/es\/wp-json\/wp\/v2\/pages"}],"about":[{"href":"https:\/\/staging-359b-zinklarwebsite.wpcomstaging.com\/es\/wp-json\/wp\/v2\/types\/page"}],"author":[{"embeddable":true,"href":"https:\/\/staging-359b-zinklarwebsite.wpcomstaging.com\/es\/wp-json\/wp\/v2\/users\/6"}],"replies":[{"embeddable":true,"href":"https:\/\/staging-359b-zinklarwebsite.wpcomstaging.com\/es\/wp-json\/wp\/v2\/comments?post=34945"}],"version-history":[{"count":15,"href":"https:\/\/staging-359b-zinklarwebsite.wpcomstaging.com\/es\/wp-json\/wp\/v2\/pages\/34945\/revisions"}],"predecessor-version":[{"id":39720,"href":"https:\/\/staging-359b-zinklarwebsite.wpcomstaging.com\/es\/wp-json\/wp\/v2\/pages\/34945\/revisions\/39720"}],"wp:attachment":[{"href":"https:\/\/staging-359b-zinklarwebsite.wpcomstaging.com\/es\/wp-json\/wp\/v2\/media?parent=34945"}],"curies":[{"name":"wp","href":"https:\/\/api.w.org\/{rel}","templated":true}]}}