{"id":34996,"date":"2023-08-24T11:29:08","date_gmt":"2023-08-24T11:29:08","guid":{"rendered":"https:\/\/staging-359b-zinklarwebsite.wpcomstaging.com\/innovacion-de-producto\/"},"modified":"2024-05-07T12:25:08","modified_gmt":"2024-05-07T12:25:08","slug":"innovacion-de-producto","status":"publish","type":"page","link":"https:\/\/staging-359b-zinklarwebsite.wpcomstaging.com\/es\/innovacion-de-producto\/","title":{"rendered":"Innovaci\u00f3n de Producto"},"content":{"rendered":"<div class=\"wpb-content-wrapper\"><p>[vc_row full_width=\u00bbstretch_row_content_no_spaces\u00bb el_class=\u00bbno-see\u00bb][vc_column][vc_raw_html]JTNDbGluayUyMHJlbCUzRCUyMnN0eWxlc2hlZXQlMjIlMjBocmVmJTNEJTIyJTJGd3AtY29udGVudCUyRnRoZW1lcyUyRmdlbmVyYXRlcHJlc3NfY2hpbGQlMkZhc3NldHMlMkZzdHlsZXMlMkZjc3MlMkZwYWdlX3RlbXBsYXRlX3VzZV9jYXNlcy5jc3MlMjIlM0U=[\/vc_raw_html][\/vc_column][\/vc_row][vc_row full_width=\u00bbstretch_row_content_no_spaces\u00bb el_class=\u00bbbanner\u00bb css=\u00bb.vc_custom_1714115600559{background-color: #e3e3e3 !important;background-position: center !important;background-repeat: no-repeat !important;background-size: cover !important;}\u00bb][vc_column][vc_row_inner][vc_column_inner width=\u00bb1\/2&#8243;][vc_column_text el_class=\u00bbtitle-banner\u00bb]<span style=\"color: #0000ff;\">Innovaci\u00f3n de producto<\/span><\/p>\n<h1><strong><span style=\"color: #000000;\">Desarrolla Nuevos Conceptos <span style=\"color: #0000ff;\">con Confianza<\/span><\/span><\/strong><\/h1>\n<p>[\/vc_column_text][vc_empty_space height=\u00bb10px\u00bb][vc_column_text el_class=\u00bbtxt1&#8243;]<\/p>\n<h5><span style=\"font-weight: 400;\">La innovaci\u00f3n de productos es crucial para capturar nuevos segmentos de mercado, retener a los clientes existentes y diferenciarse de la competencia. Con Zinklar, crear, dise\u00f1ar, probar y lanzar nuevos productos o servicios al mercado es \u00e1gil y seguro.<\/span><\/h5>\n<p>[\/vc_column_text][\/vc_column_inner][vc_column_inner width=\u00bb1\/2&#8243;][vc_column_text el_class=\u00bbimg-banner\u00bb]<img data-recalc-dims=\"1\" loading=\"lazy\" decoding=\"async\" data-attachment-id=\"38629\" data-permalink=\"https:\/\/staging-359b-zinklarwebsite.wpcomstaging.com\/es\/comprension-del-mercado\/attachment\/marketunderstanding-graf-1-2\/#main\" data-orig-file=\"https:\/\/i0.wp.com\/staging-359b-zinklarwebsite.wpcomstaging.com\/wp-content\/uploads\/2024\/04\/marketunderstanding-graf-1.png?fit=500%2C500&amp;ssl=1\" data-orig-size=\"500,500\" data-comments-opened=\"0\" data-image-meta=\"{&quot;aperture&quot;:&quot;0&quot;,&quot;credit&quot;:&quot;&quot;,&quot;camera&quot;:&quot;&quot;,&quot;caption&quot;:&quot;&quot;,&quot;created_timestamp&quot;:&quot;0&quot;,&quot;copyright&quot;:&quot;&quot;,&quot;focal_length&quot;:&quot;0&quot;,&quot;iso&quot;:&quot;0&quot;,&quot;shutter_speed&quot;:&quot;0&quot;,&quot;title&quot;:&quot;&quot;,&quot;orientation&quot;:&quot;0&quot;}\" data-image-title=\"marketunderstanding-graf-1\" data-image-description=\"\" data-image-caption=\"\" data-large-file=\"https:\/\/i0.wp.com\/staging-359b-zinklarwebsite.wpcomstaging.com\/wp-content\/uploads\/2024\/04\/marketunderstanding-graf-1.png?fit=500%2C500&amp;ssl=1\" class=\"wp-image-38629 size-full aligncenter\" src=\"https:\/\/i0.wp.com\/staging-359b-zinklarwebsite.wpcomstaging.com\/wp-content\/uploads\/2024\/04\/marketunderstanding-graf-1.png?resize=500%2C500&#038;ssl=1\" alt=\"\" width=\"500\" height=\"500\" srcset=\"https:\/\/i0.wp.com\/staging-359b-zinklarwebsite.wpcomstaging.com\/wp-content\/uploads\/2024\/04\/marketunderstanding-graf-1.png?w=500&amp;ssl=1 500w, https:\/\/i0.wp.com\/staging-359b-zinklarwebsite.wpcomstaging.com\/wp-content\/uploads\/2024\/04\/marketunderstanding-graf-1.png?resize=300%2C300&amp;ssl=1 300w, https:\/\/i0.wp.com\/staging-359b-zinklarwebsite.wpcomstaging.com\/wp-content\/uploads\/2024\/04\/marketunderstanding-graf-1.png?resize=150%2C150&amp;ssl=1 150w, https:\/\/i0.wp.com\/staging-359b-zinklarwebsite.wpcomstaging.com\/wp-content\/uploads\/2024\/04\/marketunderstanding-graf-1.png?resize=400%2C400&amp;ssl=1 400w, https:\/\/i0.wp.com\/staging-359b-zinklarwebsite.wpcomstaging.com\/wp-content\/uploads\/2024\/04\/marketunderstanding-graf-1.png?resize=200%2C200&amp;ssl=1 200w\" sizes=\"auto, (max-width: 500px) 100vw, 500px\" \/>[\/vc_column_text][\/vc_column_inner][\/vc_row_inner][\/vc_column][\/vc_row][vc_row full_width=\u00bbstretch_row_content_no_spaces\u00bb el_class=\u00bbbg-general bg1 block1&#8243; css=\u00bb.vc_custom_1714115649260{background-color: #ff6369 !important;}\u00bb][vc_column width=\u00bb1\/2&#8243; css=\u00bb.vc_custom_1693207356549{background-position: 0 0 !important;background-repeat: no-repeat !important;}\u00bb][vc_single_image image=\u00bb38981&#8243; img_size=\u00bbfull\u00bb][\/vc_column][vc_column width=\u00bb1\/2&#8243;][vc_column_text el_class=\u00bbtitle1&#8243;]<\/p>\n<h2><span style=\"color: #000000;\"><b><span style=\"color: #000000;\">Pon a prueba tus ideas<\/span> <span style=\"color: #ffffff;\">y qu\u00e9date con las mejores <\/span><\/b><\/span><b><\/b><\/h2>\n<p>[\/vc_column_text][vc_column_text el_class=\u00bblist-template\u00bb]<\/p>\n<ul>\n<li style=\"font-weight: 400;\" aria-level=\"1\"><span style=\"font-weight: 400; color: #ffffff;\">Enfoca tus recursos en los conceptos con el mayor potencial para tener \u00e9xito en el mercado.<\/span><\/li>\n<li style=\"font-weight: 400;\" aria-level=\"1\"><span style=\"font-weight: 400; color: #ffffff;\">Evita invertir tiempo, dinero y esfuerzo en ideas con poca probabilidad de que generen un resultado favorable.<\/span><\/li>\n<li style=\"font-weight: 400;\" aria-level=\"1\"><span style=\"font-weight: 400; color: #ffffff;\">Obt\u00e9n valiosos insights sobre el mercado, las preferencias de los clientes y los desaf\u00edos que puedan aparecer para refinar y adaptar las ideas elegidas a medida que avanzan en las etapas de desarrollo.<\/span><\/li>\n<\/ul>\n<p>[\/vc_column_text][\/vc_column][\/vc_row][vc_row full_width=\u00bbstretch_row_content_no_spaces\u00bb el_class=\u00bbbg-general bg2 block2&#8243;][vc_column width=\u00bb1\/2&#8243;][vc_column_text el_class=\u00bbtitle2&#8243;]<\/p>\n<h2><strong>Compara y perfecciona hasta encontrar <span style=\"color: #0000ff;\">tu<\/span> <span style=\"color: #0000ff;\">ganador<\/span><\/strong><\/h2>\n<p>[\/vc_column_text][vc_column_text el_class=\u00bblist-template\u00bb]<\/p>\n<ul>\n<li style=\"font-weight: 400;\" aria-level=\"1\"><span style=\"font-weight: 400;\">Identifica las fortalezas, debilidades o carencias de cada opci\u00f3n.<\/span><\/li>\n<li style=\"font-weight: 400;\" aria-level=\"1\"><span style=\"font-weight: 400;\">Comprende el impacto de cada una de tus opciones en funci\u00f3n de diferentes par\u00e1metros de perfil de audiencia.<\/span><\/li>\n<li style=\"font-weight: 400;\" aria-level=\"1\"><span style=\"font-weight: 400;\">Descubre puntos de venta \u00fanicos y \u00e1reas de diferenciaci\u00f3n para tus ideas o productos.<\/span><\/li>\n<\/ul>\n<p>[\/vc_column_text][\/vc_column][vc_column width=\u00bb1\/2&#8243; css=\u00bb.vc_custom_1693207334003{background-position: 0 0 !important;background-repeat: no-repeat !important;}\u00bb][vc_single_image image=\u00bb39380&#8243; img_size=\u00bbfull\u00bb][\/vc_column][\/vc_row][vc_row full_width=\u00bbstretch_row_content_no_spaces\u00bb el_class=\u00bbbg-general bg1 block3&#8243;][vc_column width=\u00bb1\/2&#8243; css=\u00bb.vc_custom_1714115853765{background-position: 0 0 !important;background-repeat: no-repeat !important;}\u00bb][vc_single_image image=\u00bb39055&#8243; img_size=\u00bbfull\u00bb][\/vc_column][vc_column width=\u00bb1\/2&#8243;][vc_column_text el_class=\u00bbtitle3&#8243;]<\/p>\n<h2><strong><span style=\"color: #000000;\"><span class=\"blue\" style=\"color: #0000ff;\"><span style=\"color: #000000;\">Perfecciona los detalles y\u00a0<span style=\"color: #0000ff;\">avanza hacia el \u00e9xito<\/span><\/span><\/span><\/span><\/strong><\/h2>\n<p>[\/vc_column_text][vc_column_text el_class=\u00bblist-template\u00bb]<\/p>\n<ul>\n<li style=\"font-weight: 400;\" aria-level=\"1\"><span style=\"font-weight: 400;\">Ajusta y optimiza las caracter\u00edsticas y atributos de tus ideas o productos y encuentra la mejor combinaci\u00f3n.<\/span><\/li>\n<li style=\"font-weight: 400;\" aria-level=\"1\"><span style=\"font-weight: 400;\">Determina el punto de precio \u00f3ptimo para tus productos o servicios para encontrar el equilibrio entre maximizar los ingresos y atraer a los clientes.<\/span><\/li>\n<li style=\"font-weight: 400;\" aria-level=\"1\"><span style=\"font-weight: 400;\">Aprende de antemano qu\u00e9 impacto tendr\u00e1 tu nuevo lanzamiento en tu marca y ajusta tus comunicaciones para lograr el resultado deseado.<\/span><\/li>\n<\/ul>\n<p>[\/vc_column_text][\/vc_column][\/vc_row][vc_row full_width=\u00bbstretch_row_content_no_spaces\u00bb el_class=\u00bbbg-form\u00bb css=\u00bb.vc_custom_1714115772743{background-color: #000000 !important;}\u00bb][vc_column width=\u00bb1\/2&#8243;][vc_column_text el_class=\u00bbtitle5&#8243;]<\/p>\n<h2><span style=\"color: #ffffff;\">Descubre lo que <span class=\"blue\" style=\"color: #0000ff;\">Zinklar<\/span> puede hacer por tu marca<\/span><\/h2>\n<p>[\/vc_column_text][vc_column_text]<span style=\"color: #ffffff;\">Si quieres comprender mejor el mercado, desarrollar y probar productos\/conceptos innovadores, realizar Pre-test y Post-test publicitarios, monitorizar la experiencia del consumidor o gestionar la salud de tu marca.<\/span>[\/vc_column_text][vc_empty_space height=\u00bb10px\u00bb][vc_column_text]<span style=\"color: #ffffff;\">Nuestra demo responder\u00e1 a tus preguntas para que puedas ver por qu\u00e9 Zinklar es la mejor opci\u00f3n para cubrir tus necesidades espec\u00edficas de insights.<\/span>[\/vc_column_text][\/vc_column][vc_column width=\u00bb1\/2&#8243; el_class=\u00bbcol-form\u00bb][vc_raw_js]JTNDc2NyaXB0JTIwc3JjJTNEJTIyJTJGJTJGZ28uemlua2xhci5jb20lMkZqcyUyRmZvcm1zMiUyRmpzJTJGZm9ybXMyLm1pbi5qcyUyMiUzRSUzQyUyRnNjcmlwdCUzRSUyMCUzQ2Zvcm0lMjBpZCUzRCUyMm1rdG9Gb3JtXzExNzQlMjIlM0UlM0MlMkZmb3JtJTNFJTIwJTNDc2NyaXB0JTNFTWt0b0Zvcm1zMi5sb2FkRm9ybSUyOCUyMiUyRiUyRmdvLnppbmtsYXIuY29tJTIyJTJDJTIwJTIyNTczLU5KUS00MjUlMjIlMkMlMjAxMTc0JTI5JTNCJTNDJTJGc2NyaXB0JTNF[\/vc_raw_js][\/vc_column][\/vc_row]<\/p>\n<\/div>","protected":false},"excerpt":{"rendered":"<p>[vc_row full_width=\u00bbstretch_row_content_no_spaces\u00bb el_class=\u00bbno-see\u00bb][vc_column][vc_raw_html]JTNDbGluayUyMHJlbCUzRCUyMnN0eWxlc2hlZXQlMjIlMjBocmVmJTNEJTIyJTJGd3AtY29udGVudCUyRnRoZW1lcyUyRmdlbmVyYXRlcHJlc3NfY2hpbGQlMkZhc3NldHMlMkZzdHlsZXMlMkZjc3MlMkZwYWdlX3RlbXBsYXRlX3VzZV9jYXNlcy5jc3MlMjIlM0U=[\/vc_raw_html][\/vc_column][\/vc_row][vc_row full_width=\u00bbstretch_row_content_no_spaces\u00bb el_class=\u00bbbanner\u00bb css=\u00bb.vc_custom_1714115600559{background-color: #e3e3e3 !important;background-position: center !important;background-repeat: no-repeat !important;background-size: cover !important;}\u00bb][vc_column][vc_row_inner][vc_column_inner width=\u00bb1\/2&#8243;][vc_column_text el_class=\u00bbtitle-banner\u00bb]Innovaci\u00f3n de producto Desarrolla Nuevos Conceptos con Confianza [\/vc_column_text][vc_empty_space height=\u00bb10px\u00bb][vc_column_text el_class=\u00bbtxt1&#8243;] La innovaci\u00f3n de productos es crucial para capturar nuevos segmentos de mercado, retener a los clientes existentes y diferenciarse de la competencia. Con Zinklar, crear, dise\u00f1ar, probar y lanzar &#8230; <a title=\"Innovaci\u00f3n de Producto\" class=\"read-more\" href=\"https:\/\/staging-359b-zinklarwebsite.wpcomstaging.com\/es\/innovacion-de-producto\/\" aria-label=\"More on Innovaci\u00f3n de Producto\">Leer m\u00e1s<\/a><\/p>\n","protected":false},"author":6,"featured_media":0,"parent":0,"menu_order":0,"comment_status":"closed","ping_status":"closed","template":"","meta":{"_acf_changed":false,"_crdt_document":"","inline_featured_image":false,"footnotes":""},"class_list":["post-34996","page","type-page","status-publish"],"acf":[],"yoast_head":"<!-- This site is optimized with the Yoast SEO plugin v27.4 - https:\/\/yoast.com\/product\/yoast-seo-wordpress\/ -->\n<title>Estrategias para la Innovaci\u00f3n de Productos Existosos | Zinklar<\/title>\n<meta name=\"description\" content=\"Desbloquea el triunfo a trav\u00e9s de la innovaci\u00f3n de productos con Zinklar. \u00a1\u00danete a nosotros para crear, cautivar y conquistar mercados!\" \/>\n<meta name=\"robots\" content=\"index, follow, max-snippet:-1, max-image-preview:large, max-video-preview:-1\" \/>\n<link rel=\"canonical\" href=\"https:\/\/staging-359b-zinklarwebsite.wpcomstaging.com\/es\/innovacion-de-producto\/\" \/>\n<meta property=\"og:locale\" content=\"es_ES\" \/>\n<meta property=\"og:type\" content=\"article\" \/>\n<meta property=\"og:title\" content=\"Estrategias para la Innovaci\u00f3n de Productos Existosos | Zinklar\" \/>\n<meta property=\"og:description\" content=\"Desbloquea el triunfo a trav\u00e9s de la innovaci\u00f3n de productos con Zinklar. \u00a1\u00danete a nosotros para crear, cautivar y conquistar mercados!\" \/>\n<meta property=\"og:url\" content=\"https:\/\/staging-359b-zinklarwebsite.wpcomstaging.com\/es\/innovacion-de-producto\/\" \/>\n<meta property=\"og:site_name\" content=\"Zinklar\" \/>\n<meta property=\"article:modified_time\" content=\"2024-05-07T12:25:08+00:00\" \/>\n<meta property=\"og:image\" content=\"https:\/\/staging-359b-zinklarwebsite.wpcomstaging.com\/wp-content\/uploads\/2024\/04\/marketunderstanding-graf-1.png\" \/>\n<meta name=\"twitter:card\" content=\"summary_large_image\" \/>\n<meta name=\"twitter:label1\" content=\"Tiempo de lectura\" \/>\n\t<meta name=\"twitter:data1\" content=\"3 minutos\" \/>\n<script type=\"application\/ld+json\" class=\"yoast-schema-graph\">{\"@context\":\"https:\\\/\\\/schema.org\",\"@graph\":[{\"@type\":\"WebPage\",\"@id\":\"https:\\\/\\\/staging-359b-zinklarwebsite.wpcomstaging.com\\\/es\\\/innovacion-de-producto\\\/\",\"url\":\"https:\\\/\\\/staging-359b-zinklarwebsite.wpcomstaging.com\\\/es\\\/innovacion-de-producto\\\/\",\"name\":\"Estrategias para la Innovaci\u00f3n de Productos Existosos | Zinklar\",\"isPartOf\":{\"@id\":\"\\\/#website\"},\"primaryImageOfPage\":{\"@id\":\"https:\\\/\\\/staging-359b-zinklarwebsite.wpcomstaging.com\\\/es\\\/innovacion-de-producto\\\/#primaryimage\"},\"image\":{\"@id\":\"https:\\\/\\\/staging-359b-zinklarwebsite.wpcomstaging.com\\\/es\\\/innovacion-de-producto\\\/#primaryimage\"},\"thumbnailUrl\":\"https:\\\/\\\/staging-359b-zinklarwebsite.wpcomstaging.com\\\/wp-content\\\/uploads\\\/2024\\\/04\\\/marketunderstanding-graf-1.png\",\"datePublished\":\"2023-08-24T11:29:08+00:00\",\"dateModified\":\"2024-05-07T12:25:08+00:00\",\"description\":\"Desbloquea el triunfo a trav\u00e9s de la innovaci\u00f3n de productos con Zinklar. \u00a1\u00danete a nosotros para crear, cautivar y conquistar mercados!\",\"breadcrumb\":{\"@id\":\"https:\\\/\\\/staging-359b-zinklarwebsite.wpcomstaging.com\\\/es\\\/innovacion-de-producto\\\/#breadcrumb\"},\"inLanguage\":\"es\",\"potentialAction\":[{\"@type\":\"ReadAction\",\"target\":[\"https:\\\/\\\/staging-359b-zinklarwebsite.wpcomstaging.com\\\/es\\\/innovacion-de-producto\\\/\"]}]},{\"@type\":\"ImageObject\",\"inLanguage\":\"es\",\"@id\":\"https:\\\/\\\/staging-359b-zinklarwebsite.wpcomstaging.com\\\/es\\\/innovacion-de-producto\\\/#primaryimage\",\"url\":\"https:\\\/\\\/staging-359b-zinklarwebsite.wpcomstaging.com\\\/wp-content\\\/uploads\\\/2024\\\/04\\\/marketunderstanding-graf-1.png\",\"contentUrl\":\"https:\\\/\\\/staging-359b-zinklarwebsite.wpcomstaging.com\\\/wp-content\\\/uploads\\\/2024\\\/04\\\/marketunderstanding-graf-1.png\"},{\"@type\":\"BreadcrumbList\",\"@id\":\"https:\\\/\\\/staging-359b-zinklarwebsite.wpcomstaging.com\\\/es\\\/innovacion-de-producto\\\/#breadcrumb\",\"itemListElement\":[{\"@type\":\"ListItem\",\"position\":1,\"name\":\"Home\",\"item\":\"https:\\\/\\\/staging-359b-zinklarwebsite.wpcomstaging.com\\\/es\\\/\"},{\"@type\":\"ListItem\",\"position\":2,\"name\":\"Innovaci\u00f3n de Producto\"}]},{\"@type\":\"WebSite\",\"@id\":\"\\\/#website\",\"url\":\"\\\/\",\"name\":\"Zinklar\",\"description\":\"\",\"publisher\":{\"@id\":\"\\\/#organization\"},\"potentialAction\":[{\"@type\":\"SearchAction\",\"target\":{\"@type\":\"EntryPoint\",\"urlTemplate\":\"\\\/?s={search_term_string}\"},\"query-input\":{\"@type\":\"PropertyValueSpecification\",\"valueRequired\":true,\"valueName\":\"search_term_string\"}}],\"inLanguage\":\"es\"},{\"@type\":\"Organization\",\"@id\":\"\\\/#organization\",\"name\":\"Zinklar\",\"url\":\"\\\/\",\"logo\":{\"@type\":\"ImageObject\",\"inLanguage\":\"es\",\"@id\":\"\\\/#\\\/schema\\\/logo\\\/image\\\/\",\"url\":\"https:\\\/\\\/staging-359b-zinklarwebsite.wpcomstaging.com\\\/wp-content\\\/uploads\\\/2023\\\/06\\\/white-logo.svg\",\"contentUrl\":\"https:\\\/\\\/staging-359b-zinklarwebsite.wpcomstaging.com\\\/wp-content\\\/uploads\\\/2023\\\/06\\\/white-logo.svg\",\"width\":115,\"height\":35,\"caption\":\"Zinklar\"},\"image\":{\"@id\":\"\\\/#\\\/schema\\\/logo\\\/image\\\/\"}}]}<\/script>\n<!-- \/ Yoast SEO plugin. -->","yoast_head_json":{"title":"Estrategias para la Innovaci\u00f3n de Productos Existosos | Zinklar","description":"Desbloquea el triunfo a trav\u00e9s de la innovaci\u00f3n de productos con Zinklar. \u00a1\u00danete a nosotros para crear, cautivar y conquistar mercados!","robots":{"index":"index","follow":"follow","max-snippet":"max-snippet:-1","max-image-preview":"max-image-preview:large","max-video-preview":"max-video-preview:-1"},"canonical":"https:\/\/staging-359b-zinklarwebsite.wpcomstaging.com\/es\/innovacion-de-producto\/","og_locale":"es_ES","og_type":"article","og_title":"Estrategias para la Innovaci\u00f3n de Productos Existosos | Zinklar","og_description":"Desbloquea el triunfo a trav\u00e9s de la innovaci\u00f3n de productos con Zinklar. \u00a1\u00danete a nosotros para crear, cautivar y conquistar mercados!","og_url":"https:\/\/staging-359b-zinklarwebsite.wpcomstaging.com\/es\/innovacion-de-producto\/","og_site_name":"Zinklar","article_modified_time":"2024-05-07T12:25:08+00:00","og_image":[{"url":"https:\/\/staging-359b-zinklarwebsite.wpcomstaging.com\/wp-content\/uploads\/2024\/04\/marketunderstanding-graf-1.png","type":"","width":"","height":""}],"twitter_card":"summary_large_image","twitter_misc":{"Tiempo de lectura":"3 minutos"},"schema":{"@context":"https:\/\/schema.org","@graph":[{"@type":"WebPage","@id":"https:\/\/staging-359b-zinklarwebsite.wpcomstaging.com\/es\/innovacion-de-producto\/","url":"https:\/\/staging-359b-zinklarwebsite.wpcomstaging.com\/es\/innovacion-de-producto\/","name":"Estrategias para la Innovaci\u00f3n de Productos Existosos | Zinklar","isPartOf":{"@id":"\/#website"},"primaryImageOfPage":{"@id":"https:\/\/staging-359b-zinklarwebsite.wpcomstaging.com\/es\/innovacion-de-producto\/#primaryimage"},"image":{"@id":"https:\/\/staging-359b-zinklarwebsite.wpcomstaging.com\/es\/innovacion-de-producto\/#primaryimage"},"thumbnailUrl":"https:\/\/staging-359b-zinklarwebsite.wpcomstaging.com\/wp-content\/uploads\/2024\/04\/marketunderstanding-graf-1.png","datePublished":"2023-08-24T11:29:08+00:00","dateModified":"2024-05-07T12:25:08+00:00","description":"Desbloquea el triunfo a trav\u00e9s de la innovaci\u00f3n de productos con Zinklar. \u00a1\u00danete a nosotros para crear, cautivar y conquistar mercados!","breadcrumb":{"@id":"https:\/\/staging-359b-zinklarwebsite.wpcomstaging.com\/es\/innovacion-de-producto\/#breadcrumb"},"inLanguage":"es","potentialAction":[{"@type":"ReadAction","target":["https:\/\/staging-359b-zinklarwebsite.wpcomstaging.com\/es\/innovacion-de-producto\/"]}]},{"@type":"ImageObject","inLanguage":"es","@id":"https:\/\/staging-359b-zinklarwebsite.wpcomstaging.com\/es\/innovacion-de-producto\/#primaryimage","url":"https:\/\/staging-359b-zinklarwebsite.wpcomstaging.com\/wp-content\/uploads\/2024\/04\/marketunderstanding-graf-1.png","contentUrl":"https:\/\/staging-359b-zinklarwebsite.wpcomstaging.com\/wp-content\/uploads\/2024\/04\/marketunderstanding-graf-1.png"},{"@type":"BreadcrumbList","@id":"https:\/\/staging-359b-zinklarwebsite.wpcomstaging.com\/es\/innovacion-de-producto\/#breadcrumb","itemListElement":[{"@type":"ListItem","position":1,"name":"Home","item":"https:\/\/staging-359b-zinklarwebsite.wpcomstaging.com\/es\/"},{"@type":"ListItem","position":2,"name":"Innovaci\u00f3n de Producto"}]},{"@type":"WebSite","@id":"\/#website","url":"\/","name":"Zinklar","description":"","publisher":{"@id":"\/#organization"},"potentialAction":[{"@type":"SearchAction","target":{"@type":"EntryPoint","urlTemplate":"\/?s={search_term_string}"},"query-input":{"@type":"PropertyValueSpecification","valueRequired":true,"valueName":"search_term_string"}}],"inLanguage":"es"},{"@type":"Organization","@id":"\/#organization","name":"Zinklar","url":"\/","logo":{"@type":"ImageObject","inLanguage":"es","@id":"\/#\/schema\/logo\/image\/","url":"https:\/\/staging-359b-zinklarwebsite.wpcomstaging.com\/wp-content\/uploads\/2023\/06\/white-logo.svg","contentUrl":"https:\/\/staging-359b-zinklarwebsite.wpcomstaging.com\/wp-content\/uploads\/2023\/06\/white-logo.svg","width":115,"height":35,"caption":"Zinklar"},"image":{"@id":"\/#\/schema\/logo\/image\/"}}]}},"jetpack_shortlink":"https:\/\/wp.me\/PfEe9g-96s","jetpack_sharing_enabled":true,"_links":{"self":[{"href":"https:\/\/staging-359b-zinklarwebsite.wpcomstaging.com\/es\/wp-json\/wp\/v2\/pages\/34996","targetHints":{"allow":["GET"]}}],"collection":[{"href":"https:\/\/staging-359b-zinklarwebsite.wpcomstaging.com\/es\/wp-json\/wp\/v2\/pages"}],"about":[{"href":"https:\/\/staging-359b-zinklarwebsite.wpcomstaging.com\/es\/wp-json\/wp\/v2\/types\/page"}],"author":[{"embeddable":true,"href":"https:\/\/staging-359b-zinklarwebsite.wpcomstaging.com\/es\/wp-json\/wp\/v2\/users\/6"}],"replies":[{"embeddable":true,"href":"https:\/\/staging-359b-zinklarwebsite.wpcomstaging.com\/es\/wp-json\/wp\/v2\/comments?post=34996"}],"version-history":[{"count":14,"href":"https:\/\/staging-359b-zinklarwebsite.wpcomstaging.com\/es\/wp-json\/wp\/v2\/pages\/34996\/revisions"}],"predecessor-version":[{"id":39718,"href":"https:\/\/staging-359b-zinklarwebsite.wpcomstaging.com\/es\/wp-json\/wp\/v2\/pages\/34996\/revisions\/39718"}],"wp:attachment":[{"href":"https:\/\/staging-359b-zinklarwebsite.wpcomstaging.com\/es\/wp-json\/wp\/v2\/media?parent=34996"}],"curies":[{"name":"wp","href":"https:\/\/api.w.org\/{rel}","templated":true}]}}