{"id":40631,"date":"2024-07-01T12:13:10","date_gmt":"2024-07-01T12:13:10","guid":{"rendered":"https:\/\/staging-359b-zinklarwebsite.wpcomstaging.com\/politica-de-seguridad\/"},"modified":"2024-07-01T12:19:32","modified_gmt":"2024-07-01T12:19:32","slug":"politica-de-seguridad","status":"publish","type":"page","link":"https:\/\/staging-359b-zinklarwebsite.wpcomstaging.com\/es\/politica-de-seguridad\/","title":{"rendered":"Pol\u00edtica de Seguridad"},"content":{"rendered":"<div class=\"wpb-content-wrapper\"><p>[vc_row][vc_column][vc_raw_html]PGxpbmsgcmVsPSJzdHlsZXNoZWV0IiBocmVmPSJodHRwczovL3ppbmtsYXIuY29tL3dwLWNvbnRlbnQvdGhlbWVzL2dlbmVyYXRlcHJlc3NfY2hpbGQvYXNzZXRzL3N0eWxlcy9jc3MvaG9tZS5jc3MiPgo8bGluayByZWw9InN0eWxlc2hlZXQiIGhyZWY9Imh0dHBzOi8vY2RuLmpzZGVsaXZyLm5ldC9ucG0vc3dpcGVyQDEwL3N3aXBlci1idW5kbGUubWluLmNzcyI+[\/vc_raw_html][\/vc_column][\/vc_row][vc_row css=\u00bb.vc_custom_1693565045103{margin-top: 200px !important;}\u00bb][vc_column][vc_column_text]<\/p>\n<h1 style=\"text-align: center;\"><strong><span style=\"color: #0000ff;\">Pol\u00edtica de Seguridad<\/span><\/strong><\/h1>\n<h4><span style=\"color: #000000;\"><strong>Principios<\/strong><\/span><\/h4>\n<ul>\n<li><span style=\"color: #000000;\"><strong>Integraci\u00f3n.<\/strong> La Seguridad Global es un proceso integrado y alineado con la actividad, en el que participa <strong>toda la empresa<\/strong>.<\/span><\/li>\n<li><span style=\"color: #000000;\"><strong>Rentabilidad<\/strong>. La Seguridad se gu\u00eda por criterios de negocio, teniendo en cuenta la relaci\u00f3n entre gasto e inversi\u00f3n. Sus criterios se fijan de forma centralizada, <strong>aprovechando cualquier sinergia<\/strong> Esta gesti\u00f3n permite un mejor rendimiento del esfuerzo aplicado a la seguridad.<\/span><\/li>\n<li><span style=\"color: #000000;\"><strong>Continuidad<\/strong>. La seguridad debe de estar <strong>presente durante todo su ciclo de trabajo:<\/strong> protecci\u00f3n, prevenci\u00f3n, detecci\u00f3n, respuesta y recuperaci\u00f3n.<\/span><\/li>\n<li><span style=\"color: #000000;\"><strong>Adecuaci\u00f3n<\/strong>. Los medios empleados deben adaptarse al entorno de la actividad. Entre otros factores, se destacan por su impacto en la actividad y en los niveles de seguridad de la organizaci\u00f3n la competencia con otras empresas, los des\u00f3rdenes de \u00edndole social, pol\u00edtica y econ\u00f3mica, el \u201chacking\u201d amateur o profesional.<\/span><\/li>\n<\/ul>\n<p>&nbsp;<\/p>\n<h4><span style=\"color: #000000;\"><strong>Responsabilidades<\/strong><\/span><\/h4>\n<p><span style=\"color: #000000;\">La <strong>responsabilidad \u00faltima de la seguridad corresponde al equipo de gesti\u00f3n<\/strong>, que es el responsable directo de gestionar su desarrollo e implantaci\u00f3n.<\/span><\/p>\n<p><span style=\"color: #000000;\">El equipo de gesti\u00f3n <strong>analizar\u00e1 los riesgos y vulnerabilidades<\/strong> en materia de seguridad que puedan afectar al buen funcionamiento de la actividad y <strong>propondr\u00e1 las normas, medios y medidas <\/strong>procedentes para minimizarlas.<\/span><\/p>\n<p><span style=\"color: #000000;\"><strong>Todo el personal de la organizaci\u00f3n debe asumir la responsabilidad de mantener la seguridad de los activos a su cargo<\/strong>, observando las normas de seguridad que se implanten desde el equipo de gesti\u00f3n.<\/span><\/p>\n<p>&nbsp;<\/p>\n<h4><span style=\"color: #000000;\"><strong>Objetivos<\/strong><\/span><\/h4>\n<ul>\n<li><span style=\"color: #000000;\">Conseguir y mantener el nivel de seguridad requerido para <strong>garantizar de forma adecuada la continuidad de la actividad<\/strong>, incluso en situaciones adversas.<\/span><\/li>\n<li><span style=\"color: #000000;\"><strong>Incrementar la integraci\u00f3n<\/strong> y el apoyo mutuo de los aspectos f\u00edsicos y l\u00f3gicos de la seguridad.<\/span><\/li>\n<li><span style=\"color: #000000;\">Colaborar en la <strong>gesti\u00f3n de las dem\u00e1s disciplinas de seguridad<\/strong>, incluyendo los aspectos laborales y medioambientales, atendiendo a los criterios que potencien la Responsabilidad Social Corporativa.<\/span><\/li>\n<li><span style=\"color: #000000;\">Establecer <strong>la estructura corporativa de seguridad<\/strong> definida por los \u00f3rganos de decisi\u00f3n de la organizaci\u00f3n y crear los canales de comunicaci\u00f3n adecuados entre todos los implicados.<\/span><\/li>\n<li><span style=\"color: #000000;\"><strong>Cumplir con la normativa<\/strong> oficial en materia de seguridad y otros requisitos.<\/span><\/li>\n<li><span style=\"color: #000000;\">Establecer e implantar Planes de <strong>Formaci\u00f3n y de Divulgaci\u00f3n<\/strong> de Seguridad para mejorar la formaci\u00f3n del personal.<\/span><\/li>\n<li><span style=\"color: #000000;\">Compromiso expreso de la mejora continua.<\/span><\/li>\n<li><span style=\"color: #000000;\">Integrar a los distintos departamentos de la empresa en un sistema de gesti\u00f3n de la seguridad que, bajo criterios comunes, aproveche las sinergias y logre consistencia en los recursos y acciones.<\/span><\/li>\n<li><span style=\"color: #000000;\">Todo el personal de ZINKLAR conocer\u00e1 y aplicar\u00e1 la normativa que desarrolle esta Pol\u00edtica de Seguridad.<\/span><\/li>\n<\/ul>\n<p>[\/vc_column_text][\/vc_column][\/vc_row][vc_row][vc_column][vc_empty_space][\/vc_column][\/vc_row]<\/p>\n<\/div>","protected":false},"excerpt":{"rendered":"<p>[vc_row][vc_column][vc_raw_html]PGxpbmsgcmVsPSJzdHlsZXNoZWV0IiBocmVmPSJodHRwczovL3ppbmtsYXIuY29tL3dwLWNvbnRlbnQvdGhlbWVzL2dlbmVyYXRlcHJlc3NfY2hpbGQvYXNzZXRzL3N0eWxlcy9jc3MvaG9tZS5jc3MiPgo8bGluayByZWw9InN0eWxlc2hlZXQiIGhyZWY9Imh0dHBzOi8vY2RuLmpzZGVsaXZyLm5ldC9ucG0vc3dpcGVyQDEwL3N3aXBlci1idW5kbGUubWluLmNzcyI+[\/vc_raw_html][\/vc_column][\/vc_row][vc_row css=\u00bb.vc_custom_1693565045103{margin-top: 200px !important;}\u00bb][vc_column][vc_column_text] Pol\u00edtica de Seguridad Principios Integraci\u00f3n. La Seguridad Global es un proceso integrado y alineado con la actividad, en el que participa toda la empresa. Rentabilidad. La Seguridad se gu\u00eda por criterios de negocio, teniendo en cuenta la relaci\u00f3n entre gasto e inversi\u00f3n. Sus criterios se fijan de forma centralizada, aprovechando cualquier &#8230; <a title=\"Pol\u00edtica de Seguridad\" class=\"read-more\" href=\"https:\/\/staging-359b-zinklarwebsite.wpcomstaging.com\/es\/politica-de-seguridad\/\" aria-label=\"More on Pol\u00edtica de Seguridad\">Leer m\u00e1s<\/a><\/p>\n","protected":false},"author":4,"featured_media":0,"parent":0,"menu_order":0,"comment_status":"closed","ping_status":"closed","template":"","meta":{"_acf_changed":false,"_crdt_document":"","inline_featured_image":false,"footnotes":""},"class_list":["post-40631","page","type-page","status-publish"],"acf":[],"yoast_head":"<!-- This site is optimized with the Yoast SEO plugin v27.4 - https:\/\/yoast.com\/product\/yoast-seo-wordpress\/ -->\n<title>Pol\u00edtica de Seguridad - Zinklar<\/title>\n<meta name=\"description\" content=\"Descubre como te podemos ayudar Empieza a tomar decisiones basadas en insights \u00a1T\u00fa \u00e9xito comienza aqu\u00ed!\" \/>\n<meta name=\"robots\" content=\"index, follow, max-snippet:-1, max-image-preview:large, max-video-preview:-1\" \/>\n<link rel=\"canonical\" href=\"https:\/\/staging-359b-zinklarwebsite.wpcomstaging.com\/es\/politica-de-seguridad\/\" \/>\n<meta property=\"og:locale\" content=\"es_ES\" \/>\n<meta property=\"og:type\" content=\"article\" \/>\n<meta property=\"og:title\" content=\"Pol\u00edtica de Seguridad - Zinklar\" \/>\n<meta property=\"og:description\" content=\"Descubre como te podemos ayudar Empieza a tomar decisiones basadas en insights \u00a1T\u00fa \u00e9xito comienza aqu\u00ed!\" \/>\n<meta property=\"og:url\" content=\"https:\/\/staging-359b-zinklarwebsite.wpcomstaging.com\/es\/politica-de-seguridad\/\" \/>\n<meta property=\"og:site_name\" content=\"Zinklar\" \/>\n<meta property=\"article:modified_time\" content=\"2024-07-01T12:19:32+00:00\" \/>\n<meta name=\"twitter:card\" content=\"summary_large_image\" \/>\n<meta name=\"twitter:label1\" content=\"Tiempo de lectura\" \/>\n\t<meta name=\"twitter:data1\" content=\"2 minutos\" \/>\n<script type=\"application\/ld+json\" class=\"yoast-schema-graph\">{\"@context\":\"https:\\\/\\\/schema.org\",\"@graph\":[{\"@type\":\"WebPage\",\"@id\":\"https:\\\/\\\/staging-359b-zinklarwebsite.wpcomstaging.com\\\/es\\\/politica-de-seguridad\\\/\",\"url\":\"https:\\\/\\\/staging-359b-zinklarwebsite.wpcomstaging.com\\\/es\\\/politica-de-seguridad\\\/\",\"name\":\"Pol\u00edtica de Seguridad - Zinklar\",\"isPartOf\":{\"@id\":\"\\\/#website\"},\"datePublished\":\"2024-07-01T12:13:10+00:00\",\"dateModified\":\"2024-07-01T12:19:32+00:00\",\"description\":\"Descubre como te podemos ayudar Empieza a tomar decisiones basadas en insights \u00a1T\u00fa \u00e9xito comienza aqu\u00ed!\",\"breadcrumb\":{\"@id\":\"https:\\\/\\\/staging-359b-zinklarwebsite.wpcomstaging.com\\\/es\\\/politica-de-seguridad\\\/#breadcrumb\"},\"inLanguage\":\"es\",\"potentialAction\":[{\"@type\":\"ReadAction\",\"target\":[\"https:\\\/\\\/staging-359b-zinklarwebsite.wpcomstaging.com\\\/es\\\/politica-de-seguridad\\\/\"]}]},{\"@type\":\"BreadcrumbList\",\"@id\":\"https:\\\/\\\/staging-359b-zinklarwebsite.wpcomstaging.com\\\/es\\\/politica-de-seguridad\\\/#breadcrumb\",\"itemListElement\":[{\"@type\":\"ListItem\",\"position\":1,\"name\":\"Home\",\"item\":\"https:\\\/\\\/staging-359b-zinklarwebsite.wpcomstaging.com\\\/es\\\/\"},{\"@type\":\"ListItem\",\"position\":2,\"name\":\"Pol\u00edtica de Seguridad\"}]},{\"@type\":\"WebSite\",\"@id\":\"\\\/#website\",\"url\":\"\\\/\",\"name\":\"Zinklar\",\"description\":\"\",\"publisher\":{\"@id\":\"\\\/#organization\"},\"potentialAction\":[{\"@type\":\"SearchAction\",\"target\":{\"@type\":\"EntryPoint\",\"urlTemplate\":\"\\\/?s={search_term_string}\"},\"query-input\":{\"@type\":\"PropertyValueSpecification\",\"valueRequired\":true,\"valueName\":\"search_term_string\"}}],\"inLanguage\":\"es\"},{\"@type\":\"Organization\",\"@id\":\"\\\/#organization\",\"name\":\"Zinklar\",\"url\":\"\\\/\",\"logo\":{\"@type\":\"ImageObject\",\"inLanguage\":\"es\",\"@id\":\"\\\/#\\\/schema\\\/logo\\\/image\\\/\",\"url\":\"https:\\\/\\\/staging-359b-zinklarwebsite.wpcomstaging.com\\\/wp-content\\\/uploads\\\/2023\\\/06\\\/white-logo.svg\",\"contentUrl\":\"https:\\\/\\\/staging-359b-zinklarwebsite.wpcomstaging.com\\\/wp-content\\\/uploads\\\/2023\\\/06\\\/white-logo.svg\",\"width\":115,\"height\":35,\"caption\":\"Zinklar\"},\"image\":{\"@id\":\"\\\/#\\\/schema\\\/logo\\\/image\\\/\"}}]}<\/script>\n<!-- \/ Yoast SEO plugin. -->","yoast_head_json":{"title":"Pol\u00edtica de Seguridad - Zinklar","description":"Descubre como te podemos ayudar Empieza a tomar decisiones basadas en insights \u00a1T\u00fa \u00e9xito comienza aqu\u00ed!","robots":{"index":"index","follow":"follow","max-snippet":"max-snippet:-1","max-image-preview":"max-image-preview:large","max-video-preview":"max-video-preview:-1"},"canonical":"https:\/\/staging-359b-zinklarwebsite.wpcomstaging.com\/es\/politica-de-seguridad\/","og_locale":"es_ES","og_type":"article","og_title":"Pol\u00edtica de Seguridad - Zinklar","og_description":"Descubre como te podemos ayudar Empieza a tomar decisiones basadas en insights \u00a1T\u00fa \u00e9xito comienza aqu\u00ed!","og_url":"https:\/\/staging-359b-zinklarwebsite.wpcomstaging.com\/es\/politica-de-seguridad\/","og_site_name":"Zinklar","article_modified_time":"2024-07-01T12:19:32+00:00","twitter_card":"summary_large_image","twitter_misc":{"Tiempo de lectura":"2 minutos"},"schema":{"@context":"https:\/\/schema.org","@graph":[{"@type":"WebPage","@id":"https:\/\/staging-359b-zinklarwebsite.wpcomstaging.com\/es\/politica-de-seguridad\/","url":"https:\/\/staging-359b-zinklarwebsite.wpcomstaging.com\/es\/politica-de-seguridad\/","name":"Pol\u00edtica de Seguridad - Zinklar","isPartOf":{"@id":"\/#website"},"datePublished":"2024-07-01T12:13:10+00:00","dateModified":"2024-07-01T12:19:32+00:00","description":"Descubre como te podemos ayudar Empieza a tomar decisiones basadas en insights \u00a1T\u00fa \u00e9xito comienza aqu\u00ed!","breadcrumb":{"@id":"https:\/\/staging-359b-zinklarwebsite.wpcomstaging.com\/es\/politica-de-seguridad\/#breadcrumb"},"inLanguage":"es","potentialAction":[{"@type":"ReadAction","target":["https:\/\/staging-359b-zinklarwebsite.wpcomstaging.com\/es\/politica-de-seguridad\/"]}]},{"@type":"BreadcrumbList","@id":"https:\/\/staging-359b-zinklarwebsite.wpcomstaging.com\/es\/politica-de-seguridad\/#breadcrumb","itemListElement":[{"@type":"ListItem","position":1,"name":"Home","item":"https:\/\/staging-359b-zinklarwebsite.wpcomstaging.com\/es\/"},{"@type":"ListItem","position":2,"name":"Pol\u00edtica de Seguridad"}]},{"@type":"WebSite","@id":"\/#website","url":"\/","name":"Zinklar","description":"","publisher":{"@id":"\/#organization"},"potentialAction":[{"@type":"SearchAction","target":{"@type":"EntryPoint","urlTemplate":"\/?s={search_term_string}"},"query-input":{"@type":"PropertyValueSpecification","valueRequired":true,"valueName":"search_term_string"}}],"inLanguage":"es"},{"@type":"Organization","@id":"\/#organization","name":"Zinklar","url":"\/","logo":{"@type":"ImageObject","inLanguage":"es","@id":"\/#\/schema\/logo\/image\/","url":"https:\/\/staging-359b-zinklarwebsite.wpcomstaging.com\/wp-content\/uploads\/2023\/06\/white-logo.svg","contentUrl":"https:\/\/staging-359b-zinklarwebsite.wpcomstaging.com\/wp-content\/uploads\/2023\/06\/white-logo.svg","width":115,"height":35,"caption":"Zinklar"},"image":{"@id":"\/#\/schema\/logo\/image\/"}}]}},"jetpack_shortlink":"https:\/\/wp.me\/PfEe9g-azl","jetpack_sharing_enabled":true,"_links":{"self":[{"href":"https:\/\/staging-359b-zinklarwebsite.wpcomstaging.com\/es\/wp-json\/wp\/v2\/pages\/40631","targetHints":{"allow":["GET"]}}],"collection":[{"href":"https:\/\/staging-359b-zinklarwebsite.wpcomstaging.com\/es\/wp-json\/wp\/v2\/pages"}],"about":[{"href":"https:\/\/staging-359b-zinklarwebsite.wpcomstaging.com\/es\/wp-json\/wp\/v2\/types\/page"}],"author":[{"embeddable":true,"href":"https:\/\/staging-359b-zinklarwebsite.wpcomstaging.com\/es\/wp-json\/wp\/v2\/users\/4"}],"replies":[{"embeddable":true,"href":"https:\/\/staging-359b-zinklarwebsite.wpcomstaging.com\/es\/wp-json\/wp\/v2\/comments?post=40631"}],"version-history":[{"count":4,"href":"https:\/\/staging-359b-zinklarwebsite.wpcomstaging.com\/es\/wp-json\/wp\/v2\/pages\/40631\/revisions"}],"predecessor-version":[{"id":40635,"href":"https:\/\/staging-359b-zinklarwebsite.wpcomstaging.com\/es\/wp-json\/wp\/v2\/pages\/40631\/revisions\/40635"}],"wp:attachment":[{"href":"https:\/\/staging-359b-zinklarwebsite.wpcomstaging.com\/es\/wp-json\/wp\/v2\/media?parent=40631"}],"curies":[{"name":"wp","href":"https:\/\/api.w.org\/{rel}","templated":true}]}}